{"id":11502,"date":"2019-03-21T15:20:48","date_gmt":"2019-03-21T20:20:48","guid":{"rendered":"https:\/\/soportehys.com\/web\/?page_id=11502"},"modified":"2025-05-09T16:02:30","modified_gmt":"2025-05-09T21:02:30","slug":"nuestro-colegio","status":"publish","type":"page","link":"https:\/\/cerpadreluisantoniorojas.edu.co\/web\/nuestro-colegio\/","title":{"rendered":"Nuestro Colegio"},"content":{"rendered":"<div class=\"wpb-content-wrapper\"><p>[vc_row][vc_column]<div class=\"thim-widget-heading template-base\"><div class=\"sc_heading  text-center\"><h3 style=\"font-size:35px;font-weight:600;\" class=\"title\">Informaci\u00f3n <strong>Institucional<\/strong><\/h3><\/div><\/div>[\/vc_column][\/vc_row][vc_row css=\u00bb.vc_custom_1559531433775{margin-bottom: 15px !important;}\u00bb][vc_column width=\u00bb5\/12&#8243; css=\u00bb.vc_custom_1553219212365{margin-bottom: 30px !important;}\u00bb][vc_column_text css=\u00bb\u00bb]<\/p>\n<h3 class=\"thim-text-title\">Misi\u00f3n<\/h3>\n<p>El Centro Educativo Padres Luis Antonio Rojas brinda una formaci\u00f3n integral fundamentada en la construcci\u00f3n de valores para la convivencia social, con el desarrollo del pensamiento reflexivo, cr\u00edtico y propositivo. Un Centro Educativo incluyente al servicio de las Familias y Comprometido con su mejoramiento continuo en gesti\u00f3n de Calidad, orientado mediante el modelo pedag\u00f3gico de Escuela Nueva y Post primaria.[\/vc_column_text][\/vc_column][vc_column width=\u00bb7\/12&#8243; css=\u00bb.vc_custom_1553219224890{margin-bottom: 30px !important;}\u00bb][vc_column_text css=\u00bb\u00bb]<\/p>\n<h3 class=\"thim-text-title\">Visi\u00f3n<\/h3>\n<p>El Centro Educativo Padre Luis Antonio Rojas, al finalizar el a\u00f1o 2025, se proyecta como un establecimiento reconocido a nivel local, regional y nacional, por la integralidad de la propuesta educativa que se preocupa por la formaci\u00f3n del ser y el afianzamiento de los valores como Tolerancia, Respeto y Convivencia, contribuyendo al desarrollo integral de las Comunidades rurales a trav\u00e9s de procesos pedag\u00f3gicos de calidad, que promueven la autonom\u00eda, en pro del desempe\u00f1o como individuo al asumir roles que aportan en la productividad, sostenibilidad y competitividad de su entorno.[\/vc_column_text][\/vc_column][\/vc_row][vc_row][vc_column][vc_tta_tabs][vc_tta_section title=\u00bbOBJETIVOS Y VALORES\u00bb tab_id=\u00bb1553201553639-a4a157b2-0618&#8243;][vc_column_text css=\u00bb\u00bb]<\/p>\n<h3 class=\"thim-text-title\">Objetivos Institucionales<\/h3>\n<ul>\n<li style=\"list-style-type: none;\">\n<ul>\n<li>Transformar y renovar el que hacer educativo y pedag\u00f3gico a trav\u00e9s de todos sus componentes, generando acciones conjuntas que hagan posible el mejoramiento de la calidad de la educaci\u00f3n ofrecida hasta ahora y con proyecci\u00f3n hacia el futuro, asumi\u00e9ndola como factor de desarrollo comunitario y como un compromiso de todos.<\/li>\n<li>Desarrollar la normatividad vigente en materia educativa a trav\u00e9s de la ley 115 de 1994, ley 715 y sus decretos reglamentarios mediante la implementaci\u00f3n de los consignados en ella y De acuerdo con el Decreto 1290 de 2009 uno de los prop\u00f3sitos de la evaluaci\u00f3n institucional de los estudiantes la identificaci\u00f3n de sus caracter\u00edsticas personales, intereses, ritmos de desarrollo y estilos de aprendizaje para poder valorar sus avances, este es un cambio radical frente a posturas tradicionales donde la evaluaci\u00f3n es considerada como una actividad para emitir un juicio sobre el estudiante.<\/li>\n<\/ul>\n<\/li>\n<\/ul>\n<p>[\/vc_column_text][\/vc_tta_section][vc_tta_section title=\u00bbESTRATEGIAS\u00bb tab_id=\u00bb1553201553661-4cb8a9a4-11b5&#8243;][vc_column_text css=\u00bb\u00bb]<\/p>\n<h3 class=\"thim-text-title\">Estrategias<\/h3>\n<ul>\n<li>Aplicar una estrategia de educaci\u00f3n en valores, para alcanzar en los estudiantes el uso de todas potencialidades y capacidades con responsabilidad.<\/li>\n<li>Concientizar a la comunidad educativa sobre la importancia de la educaci\u00f3n, la sociedad y los valores, mediantes conferencias, talleres, mesas de trabajo con estudiantes, padres de familia y comunidad en general.<\/li>\n<li>Valorar la incidencia del Cetro Educativo, que brinda los niveles de b\u00e1sica primaria y media como medio de desarrollo personal y social.<\/li>\n<li>Lograr el desarrollo de destrezas sociales a trav\u00e9s del gobierno escolar, valorando la libertad y ejerci\u00e9ndola responsablemente.<\/li>\n<li>Estimular habilidades interpersonales en la soluci\u00f3n de conflictos y en el desarrollo del pensamiento moral.<\/li>\n<li>Lograr que los ni\u00f1os y j\u00f3venes sean ciudadanos fuertes que identifiquen los problemas, los distingan y act\u00faen atendiendo sus derechos, deberes y descubran el significado de la justicia social.<\/li>\n<\/ul>\n<p>[\/vc_column_text][\/vc_tta_section][vc_tta_section title=\u00bbPOL\u00cdTICA Y OBJETIVOS DE CALIDAD\u00bb tab_id=\u00bb1553202116208-8d028f78-28a5&#8243;][vc_column_text]<\/p>\n<h3 class=\"thim-text-title\">Pol\u00edtica de Calidad<\/h3>\n<p>La Instituci\u00f3n Ovy&#8230;<\/p>\n<h3 class=\"thim-text-title\">Objetivos de Calidad<\/h3>\n<ul class=\"thim-list-content\">\n<li>Requisitos y necesidades de los usuarios<\/li>\n<\/ul>\n<p>[\/vc_column_text][\/vc_tta_section][vc_tta_section title=\u00bbENFOQUE PEDAG\u00d3GICO\u00bb tab_id=\u00bb1553203450656-a52e943b-1e54&#8243;][vc_column_text]<\/p>\n<h3 class=\"thim-text-title\">Enfoque Pedag\u00f3gico<\/h3>\n<p>El enfoque pedag\u00f3gic&#8230;[\/vc_column_text][\/vc_tta_section][\/vc_tta_tabs][\/vc_column][\/vc_row][vc_row css=\u00bb.vc_custom_1559532503179{background-color: #95c5f4 !important;}\u00bb][vc_column][vc_row_inner][vc_column_inner]<div class=\"thim-widget-heading template-base\"><div class=\"sc_heading  text-center\"><h3 class=\"title\"><strong>Himno<\/strong> Institucional<\/h3><span class=\"line\"><\/span><\/div><\/div>[\/vc_column_inner][\/vc_row_inner][vc_row_inner][vc_column_inner width=\u00bb1\/3&#8243;]<div class=\"thim-widget-heading template-base\"><div class=\"sc_heading  text-center\"><h3 class=\"title\">CORO<\/h3><span class=\"line\"><\/span><\/div><\/div>[vc_column_text]<\/p>\n<div style=\"text-align: center;\">coro coro coro<\/div>\n<div style=\"text-align: center;\">coro coro<\/div>\n<div style=\"text-align: center;\">coro coro coro<\/div>\n<div style=\"text-align: center;\"><\/div>\n<p>[\/vc_column_text]<div class=\"thim-widget-heading template-base\"><div class=\"sc_heading  text-center\"><h3 class=\"title\">III<\/h3><span class=\"line\"><\/span><\/div><\/div>[vc_column_text]<\/p>\n<div style=\"text-align: center;\">coro coro coro<\/div>\n<div style=\"text-align: center;\">coro coro<\/div>\n<div style=\"text-align: center;\">coro coro coro<\/div>\n<p>[\/vc_column_text][\/vc_column_inner][vc_column_inner width=\u00bb1\/3&#8243;]<div class=\"thim-widget-heading template-base\"><div class=\"sc_heading  text-center\"><h3 class=\"title\">I<\/h3><span class=\"line\"><\/span><\/div><\/div>[vc_column_text]<\/p>\n<div style=\"text-align: center;\">coro coro coro<\/div>\n<div style=\"text-align: center;\">coro coro<\/div>\n<div style=\"text-align: center;\">coro coro coro<\/div>\n<p>[\/vc_column_text]<div class=\"thim-widget-heading template-base\"><div class=\"sc_heading  text-center\"><h3 class=\"title\">IV<\/h3><span class=\"line\"><\/span><\/div><\/div>[vc_column_text]<\/p>\n<div style=\"text-align: center;\">coro coro coro<\/div>\n<div style=\"text-align: center;\">coro coro<\/div>\n<div style=\"text-align: center;\">coro coro coro<\/div>\n<p>[\/vc_column_text][\/vc_column_inner][vc_column_inner width=\u00bb1\/3&#8243;]<div class=\"thim-widget-heading template-base\"><div class=\"sc_heading  text-center\"><h3 class=\"title\">II<\/h3><span class=\"line\"><\/span><\/div><\/div>[vc_column_text]<\/p>\n<div style=\"text-align: center;\">coro coro coro<\/div>\n<div style=\"text-align: center;\">coro coro<\/div>\n<div style=\"text-align: center;\">coro coro coro<\/div>\n<p>[\/vc_column_text]<div class=\"thim-widget-heading template-base\"><div class=\"sc_heading  text-center\"><h3 class=\"title\">V<\/h3><span class=\"line\"><\/span><\/div><\/div>[vc_column_text]<\/p>\n<div style=\"text-align: center;\">coro coro coro<\/div>\n<div style=\"text-align: center;\">coro coro<\/div>\n<div style=\"text-align: center;\">coro coro coro<\/div>\n<p>[\/vc_column_text][\/vc_column_inner][\/vc_row_inner][\/vc_column][\/vc_row]<\/p>\n<\/div>","protected":false},"excerpt":{"rendered":"<p>[vc_row][vc_column][\/vc_column][\/vc_row][vc_row css=\u00bb.vc_custom_1559531433775{margin-bottom: 15px !important;}\u00bb][vc_column width=\u00bb5\/12&#8243; css=\u00bb.vc_custom_1553219212365{margin-bottom: 30px !important;}\u00bb][vc_column_text css=\u00bb\u00bb] Misi\u00f3n El Centro Educativo Padres Luis Antonio Rojas brinda una formaci\u00f3n integral fundamentada en la construcci\u00f3n de valores para la convivencia social, con el desarrollo del pensamiento reflexivo, cr\u00edtico y propositivo. &hellip; <\/p>\n","protected":false},"author":1,"featured_media":0,"parent":0,"menu_order":0,"comment_status":"closed","ping_status":"closed","template":"","meta":{"footnotes":""},"class_list":["post-11502","page","type-page","status-publish","hentry"],"_links":{"self":[{"href":"https:\/\/cerpadreluisantoniorojas.edu.co\/web\/wp-json\/wp\/v2\/pages\/11502","targetHints":{"allow":["GET"]}}],"collection":[{"href":"https:\/\/cerpadreluisantoniorojas.edu.co\/web\/wp-json\/wp\/v2\/pages"}],"about":[{"href":"https:\/\/cerpadreluisantoniorojas.edu.co\/web\/wp-json\/wp\/v2\/types\/page"}],"author":[{"embeddable":true,"href":"https:\/\/cerpadreluisantoniorojas.edu.co\/web\/wp-json\/wp\/v2\/users\/1"}],"replies":[{"embeddable":true,"href":"https:\/\/cerpadreluisantoniorojas.edu.co\/web\/wp-json\/wp\/v2\/comments?post=11502"}],"version-history":[{"count":2,"href":"https:\/\/cerpadreluisantoniorojas.edu.co\/web\/wp-json\/wp\/v2\/pages\/11502\/revisions"}],"predecessor-version":[{"id":12050,"href":"https:\/\/cerpadreluisantoniorojas.edu.co\/web\/wp-json\/wp\/v2\/pages\/11502\/revisions\/12050"}],"wp:attachment":[{"href":"https:\/\/cerpadreluisantoniorojas.edu.co\/web\/wp-json\/wp\/v2\/media?parent=11502"}],"curies":[{"name":"wp","href":"https:\/\/api.w.org\/{rel}","templated":true}]}}